{"id":14,"date":"2026-01-06T07:50:22","date_gmt":"2026-01-06T07:50:22","guid":{"rendered":"https:\/\/arthasoul.com\/?page_id=14"},"modified":"2026-03-19T13:17:18","modified_gmt":"2026-03-19T13:17:18","slug":"naslovna","status":"publish","type":"page","link":"https:\/\/arthasoul.com\/","title":{"rendered":"Naslovna"},"content":{"rendered":"\n<h2 class=\"wp-block-heading has-text-color has-link-color wp-elements-f1118e369f11a1b1e83c89fce670c1cc\" style=\"color:#b8dccd;margin-top:24px;margin-bottom:24px;font-size:30px\">Put prema ravnote\u017ei <\/h2>\n\n\n\n<p>Savjetovanje kroz razgovor i ayurvedu za vi\u0161e jasno\u0107e i ravnote\u017ee<\/p>\n\n\n\n<div class=\"wp-block-group has-background is-layout-constrained wp-block-group-is-layout-constrained\" style=\"background-color:#e8e1d6\">\n<p><\/p>\n\n\n\n<div class=\"wp-block-columns is-layout-flex wp-container-core-columns-is-layout-28f84493 wp-block-columns-is-layout-flex\">\n<div class=\"wp-block-column is-layout-flow wp-container-core-column-is-layout-a77db08e wp-block-column-is-layout-flow\" style=\"border-style:none;border-width:0px;flex-basis:40%\">\n<p class=\"has-text-align-left\">Artha Soul je prostor za povratak sebi \u2013 kroz razgovor,<br>ayurvedski pristup i razumijevanje vlastitog ritma.<\/p>\n\n\n\n<p>Kroz individualno savjetovanje zajedno gledamo gdje se trenutno nalazi\u0161 i \u0161to ti je potrebno da se ponovno pove\u017ee\u0161 sa svojim tijelom i na\u010dinom na koji \u017eivi\u0161.<\/p>\n\n\n\n<p class=\"has-text-align-left\">Ovdje se ne tra\u017ei promjena preko no\u0107i, nego prostor u kojem mo\u017ee\u0161 stati, osluhnuti sebe i postupno se vratiti svom prirodnom ritmu.<\/p>\n<\/div>\n\n\n\n<div class=\"wp-block-column is-layout-flow wp-block-column-is-layout-flow\">\n<figure class=\"wp-block-image size-large\"><img loading=\"lazy\" decoding=\"async\" width=\"1024\" height=\"498\" src=\"https:\/\/arthasoul.com\/wp-content\/uploads\/2026\/01\/20171029_135810-1024x498.jpg\" alt=\"\" class=\"wp-image-59\" srcset=\"https:\/\/arthasoul.com\/wp-content\/uploads\/2026\/01\/20171029_135810-1024x498.jpg 1024w, https:\/\/arthasoul.com\/wp-content\/uploads\/2026\/01\/20171029_135810-300x146.jpg 300w, https:\/\/arthasoul.com\/wp-content\/uploads\/2026\/01\/20171029_135810-768x373.jpg 768w, https:\/\/arthasoul.com\/wp-content\/uploads\/2026\/01\/20171029_135810-1536x747.jpg 1536w, https:\/\/arthasoul.com\/wp-content\/uploads\/2026\/01\/20171029_135810-2048x996.jpg 2048w\" sizes=\"auto, (max-width: 1024px) 100vw, 1024px\" \/><\/figure>\n<\/div>\n<\/div>\n<\/div>\n\n\n\n<p><\/p>\n\n\n\n<p><em>Ako osje\u0107a\u0161 da je vrijeme da se vrati\u0161 sebi i svom ritmu, mo\u017ee\u0161 mi se javiti za individualno savjetovanje.<\/em><\/p>\n\n\n\n<div class=\"wp-block-buttons is-layout-flex wp-block-buttons-is-layout-flex\">\n<div class=\"wp-block-button is-style-fill\"><a class=\"wp-block-button__link has-text-color has-background has-link-color wp-element-button\" href=\"info@arthasoul.com\" style=\"color:#4a4a4a;background-color:#b8dccd\">Kontaktiraj me<\/a><\/div>\n<\/div>\n\n\n\n<p><\/p>\n","protected":false},"excerpt":{"rendered":"<p>Put prema ravnote\u017ei Savjetovanje kroz razgovor i ayurvedu za vi\u0161e jasno\u0107e i ravnote\u017ee Artha Soul je prostor za povratak sebi [&hellip;]<\/p>\n","protected":false},"author":1,"featured_media":0,"parent":0,"menu_order":0,"comment_status":"closed","ping_status":"closed","template":"","meta":{"pagelayer_contact_templates":[],"_pagelayer_content":"","site-sidebar-layout":"default","site-content-layout":"","ast-site-content-layout":"default","site-content-style":"default","site-sidebar-style":"default","ast-global-header-display":"","ast-banner-title-visibility":"","ast-main-header-display":"","ast-hfb-above-header-display":"","ast-hfb-below-header-display":"","ast-hfb-mobile-header-display":"","site-post-title":"disabled","ast-breadcrumbs-content":"","ast-featured-img":"","footer-sml-layout":"","ast-disable-related-posts":"","theme-transparent-header-meta":"","adv-header-id-meta":"","stick-header-meta":"","header-above-stick-meta":"","header-main-stick-meta":"","header-below-stick-meta":"","astra-migrate-meta-layouts":"default","ast-page-background-enabled":"default","ast-page-background-meta":{"desktop":{"background-color":"var(--ast-global-color-5)","background-image":"","background-repeat":"repeat","background-position":"center center","background-size":"auto","background-attachment":"scroll","background-type":"","background-media":"","overlay-type":"","overlay-color":"","overlay-opacity":"","overlay-gradient":""},"tablet":{"background-color":"","background-image":"","background-repeat":"repeat","background-position":"center center","background-size":"auto","background-attachment":"scroll","background-type":"","background-media":"","overlay-type":"","overlay-color":"","overlay-opacity":"","overlay-gradient":""},"mobile":{"background-color":"","background-image":"","background-repeat":"repeat","background-position":"center center","background-size":"auto","background-attachment":"scroll","background-type":"","background-media":"","overlay-type":"","overlay-color":"","overlay-opacity":"","overlay-gradient":""}},"ast-content-background-meta":{"desktop":{"background-color":"var(--ast-global-color-4)","background-image":"","background-repeat":"repeat","background-position":"center center","background-size":"auto","background-attachment":"scroll","background-type":"","background-media":"","overlay-type":"","overlay-color":"","overlay-opacity":"","overlay-gradient":""},"tablet":{"background-color":"var(--ast-global-color-4)","background-image":"","background-repeat":"repeat","background-position":"center center","background-size":"auto","background-attachment":"scroll","background-type":"","background-media":"","overlay-type":"","overlay-color":"","overlay-opacity":"","overlay-gradient":""},"mobile":{"background-color":"var(--ast-global-color-4)","background-image":"","background-repeat":"repeat","background-position":"center center","background-size":"auto","background-attachment":"scroll","background-type":"","background-media":"","overlay-type":"","overlay-color":"","overlay-opacity":"","overlay-gradient":""}},"footnotes":""},"class_list":["post-14","page","type-page","status-publish","hentry"],"_links":{"self":[{"href":"https:\/\/arthasoul.com\/index.php?rest_route=\/wp\/v2\/pages\/14","targetHints":{"allow":["GET"]}}],"collection":[{"href":"https:\/\/arthasoul.com\/index.php?rest_route=\/wp\/v2\/pages"}],"about":[{"href":"https:\/\/arthasoul.com\/index.php?rest_route=\/wp\/v2\/types\/page"}],"author":[{"embeddable":true,"href":"https:\/\/arthasoul.com\/index.php?rest_route=\/wp\/v2\/users\/1"}],"replies":[{"embeddable":true,"href":"https:\/\/arthasoul.com\/index.php?rest_route=%2Fwp%2Fv2%2Fcomments&post=14"}],"version-history":[{"count":24,"href":"https:\/\/arthasoul.com\/index.php?rest_route=\/wp\/v2\/pages\/14\/revisions"}],"predecessor-version":[{"id":72,"href":"https:\/\/arthasoul.com\/index.php?rest_route=\/wp\/v2\/pages\/14\/revisions\/72"}],"wp:attachment":[{"href":"https:\/\/arthasoul.com\/index.php?rest_route=%2Fwp%2Fv2%2Fmedia&parent=14"}],"curies":[{"name":"wp","href":"https:\/\/api.w.org\/{rel}","templated":true}]}}