{"id":21,"date":"2026-01-06T13:48:23","date_gmt":"2026-01-06T13:48:23","guid":{"rendered":"https:\/\/arthasoul.com\/?page_id=21"},"modified":"2026-03-19T13:21:33","modified_gmt":"2026-03-19T13:21:33","slug":"o-meni","status":"publish","type":"page","link":"https:\/\/arthasoul.com\/?page_id=21","title":{"rendered":"O meni"},"content":{"rendered":"\n<p>Ne radim s idejom da te popravljam.<br>Radim s tijelom, ritmom i \u017eivotom kakav jest.<\/p>\n\n\n\n<p>Moj put nije krenuo iz ravnote\u017ee,<br>nego iz trenutaka kada sam i sama osjetila \u0161to zna\u010di biti udaljena od sebe \u2014<br>umorna, preoptere\u0107ena i bez jasnog osje\u0107aja \u0161to mi zapravo treba.<\/p>\n\n\n\n<p>Upravo me to dovelo prema ayurvedi, edukaciji i dubljem radu sa sobom.<br>Postupno sam po\u010dela razumjeti tijelo, njegov ritam i ono \u0161to nam poku\u0161ava re\u0107i.<\/p>\n\n\n\n<p>Kroz vlastito iskustvo razvilo se i dublje razumijevanje \u017eene \u2014<br>u razli\u010ditim ulogama koje nosi, kao majka, partnerica, k\u0107i, sestra.<br>I svega \u0161to \u010desto ostaje neizre\u010deno, ali se osjeti u tijelu.<\/p>\n\n\n\n<p>Ayurveda mi je dala jezik kojim mogu slu\u0161ati tijelo,<br>a priroda \u2014 prostor u kojem se ponovno \u010dujemo.<\/p>\n\n\n\n<p>Danas u radu spajam ayurvedsko savjetovanje, kretanje i boravak u prirodi<br>kao na\u010din povratka sebi i vlastitom ritmu.<\/p>\n\n\n\n<p>Vjerujem u sporije korake, u tijelo koje zna<br>i u put koji ne vodi unatrag, nego prema sebi.<\/p>\n\n\n\n<p>Ako osjeti\u0161 da ti ovaj pristup ima smisla,<br>mo\u017ee\u0161 mi se javiti i vidjeti je li ovo prostor za tebe.<\/p>\n\n\n\n<p><\/p>\n","protected":false},"excerpt":{"rendered":"<p>Ne radim s idejom da te popravljam.Radim s tijelom, ritmom i \u017eivotom kakav jest. Moj put nije krenuo iz ravnote\u017ee,nego [&hellip;]<\/p>\n","protected":false},"author":1,"featured_media":0,"parent":0,"menu_order":0,"comment_status":"closed","ping_status":"closed","template":"","meta":{"pagelayer_contact_templates":[],"_pagelayer_content":"","site-sidebar-layout":"default","site-content-layout":"","ast-site-content-layout":"default","site-content-style":"default","site-sidebar-style":"default","ast-global-header-display":"","ast-banner-title-visibility":"","ast-main-header-display":"","ast-hfb-above-header-display":"","ast-hfb-below-header-display":"","ast-hfb-mobile-header-display":"","site-post-title":"","ast-breadcrumbs-content":"","ast-featured-img":"","footer-sml-layout":"","ast-disable-related-posts":"","theme-transparent-header-meta":"","adv-header-id-meta":"","stick-header-meta":"","header-above-stick-meta":"","header-main-stick-meta":"","header-below-stick-meta":"","astra-migrate-meta-layouts":"default","ast-page-background-enabled":"default","ast-page-background-meta":{"desktop":{"background-color":"var(--ast-global-color-5)","background-image":"","background-repeat":"repeat","background-position":"center center","background-size":"auto","background-attachment":"scroll","background-type":"","background-media":"","overlay-type":"","overlay-color":"","overlay-opacity":"","overlay-gradient":""},"tablet":{"background-color":"","background-image":"","background-repeat":"repeat","background-position":"center center","background-size":"auto","background-attachment":"scroll","background-type":"","background-media":"","overlay-type":"","overlay-color":"","overlay-opacity":"","overlay-gradient":""},"mobile":{"background-color":"","background-image":"","background-repeat":"repeat","background-position":"center center","background-size":"auto","background-attachment":"scroll","background-type":"","background-media":"","overlay-type":"","overlay-color":"","overlay-opacity":"","overlay-gradient":""}},"ast-content-background-meta":{"desktop":{"background-color":"var(--ast-global-color-4)","background-image":"","background-repeat":"repeat","background-position":"center center","background-size":"auto","background-attachment":"scroll","background-type":"","background-media":"","overlay-type":"","overlay-color":"","overlay-opacity":"","overlay-gradient":""},"tablet":{"background-color":"var(--ast-global-color-4)","background-image":"","background-repeat":"repeat","background-position":"center center","background-size":"auto","background-attachment":"scroll","background-type":"","background-media":"","overlay-type":"","overlay-color":"","overlay-opacity":"","overlay-gradient":""},"mobile":{"background-color":"var(--ast-global-color-4)","background-image":"","background-repeat":"repeat","background-position":"center center","background-size":"auto","background-attachment":"scroll","background-type":"","background-media":"","overlay-type":"","overlay-color":"","overlay-opacity":"","overlay-gradient":""}},"footnotes":""},"class_list":["post-21","page","type-page","status-publish","hentry"],"_links":{"self":[{"href":"https:\/\/arthasoul.com\/index.php?rest_route=\/wp\/v2\/pages\/21","targetHints":{"allow":["GET"]}}],"collection":[{"href":"https:\/\/arthasoul.com\/index.php?rest_route=\/wp\/v2\/pages"}],"about":[{"href":"https:\/\/arthasoul.com\/index.php?rest_route=\/wp\/v2\/types\/page"}],"author":[{"embeddable":true,"href":"https:\/\/arthasoul.com\/index.php?rest_route=\/wp\/v2\/users\/1"}],"replies":[{"embeddable":true,"href":"https:\/\/arthasoul.com\/index.php?rest_route=%2Fwp%2Fv2%2Fcomments&post=21"}],"version-history":[{"count":3,"href":"https:\/\/arthasoul.com\/index.php?rest_route=\/wp\/v2\/pages\/21\/revisions"}],"predecessor-version":[{"id":74,"href":"https:\/\/arthasoul.com\/index.php?rest_route=\/wp\/v2\/pages\/21\/revisions\/74"}],"wp:attachment":[{"href":"https:\/\/arthasoul.com\/index.php?rest_route=%2Fwp%2Fv2%2Fmedia&parent=21"}],"curies":[{"name":"wp","href":"https:\/\/api.w.org\/{rel}","templated":true}]}}