{"id":35,"date":"2026-01-07T16:07:12","date_gmt":"2026-01-07T16:07:12","guid":{"rendered":"https:\/\/arthasoul.com\/?page_id=35"},"modified":"2026-01-08T09:45:16","modified_gmt":"2026-01-08T09:45:16","slug":"priroda-planina","status":"publish","type":"page","link":"https:\/\/arthasoul.com\/?page_id=35","title":{"rendered":"Priroda kao put"},"content":{"rendered":"\n<h3 class=\"wp-block-heading\"><strong>Priroda <\/strong>kao put<\/h3>\n\n\n\n<blockquote class=\"wp-block-quote is-layout-flow wp-block-quote-is-layout-flow\">\n<p>Priroda u mom radu nije bijeg od \u017eivota,<br>nego povratak onome \u0161to jest.<\/p>\n\n\n\n<p>U ti\u0161ini, hodu i jednostavnom bivanju<br>tijelo se smiruje, dah se produbljuje<br>i ponovno postajemo prisutni u sebi.<\/p>\n\n\n\n<p>Izvan svakodnevne buke lak\u0161e \u010dujemo<br>ono \u0161to nam tijelo i unutarnji ritam ve\u0107 dugo govore.<\/p>\n<\/blockquote>\n\n\n\n<h3 class=\"wp-block-heading\"><strong>Planina kao proces<\/strong><\/h3>\n\n\n\n<blockquote class=\"wp-block-quote is-layout-flow wp-block-quote-is-layout-flow\">\n<p>Planina u mom radu nije cilj,<br>nego proces.<\/p>\n\n\n\n<p>Ritmom koraka, disanjem i prisutno\u0161\u0107u<br>prostor se \u0161iri, misli se smiruju<br>i tijelo ponovno postaje orijentir.<\/p>\n\n\n\n<p>Ne radi se o dosezanju vrha,<br>nego o putu koji se odvija korak po korak.<\/p>\n<\/blockquote>\n\n\n\n<h3 class=\"wp-block-heading\"><strong>Priroda, planina i ayurveda<\/strong><\/h3>\n\n\n\n<blockquote class=\"wp-block-quote is-layout-flow wp-block-quote-is-layout-flow\">\n<p>Ayurveda u ovom kontekstu nije sustav pravila,<br>nego na\u010din slu\u0161anja tijela.<\/p>\n\n\n\n<p>Priroda i planina pru\u017eaju okru\u017eenje<br>u kojem se taj jezik lak\u0161e \u010duje \u2014<br>kroz ritam, sezonalnost i odnos prema vlastitoj energiji.<\/p>\n\n\n\n<p>Kretanje, boravak na svje\u017eem zraku<br>i uskla\u0111ivanje s godi\u0161njim dobima<br>podr\u017eavaju ravnote\u017eu tijela i \u017eiv\u010danog sustava<br>na vrlo jednostavan, ali dubok na\u010din.<\/p>\n<\/blockquote>\n\n\n\n<h3 class=\"wp-block-heading\"><strong>Oblici rada<\/strong><\/h3>\n\n\n\n<blockquote class=\"wp-block-quote is-layout-flow wp-block-quote-is-layout-flow\">\n<p>Boravak u prirodi i planini mo\u017ee biti<br>dio individualnog procesa<br>ili poseban prostor rada koji se otvara u odre\u0111enim razdobljima.<\/p>\n\n\n\n<p>Oblik rada uvijek se razvija u skladu s godi\u0161njim dobom,<br>unutarnjim ritmom i onim \u0161to u tom trenutku ima smisla.<\/p>\n<\/blockquote>\n\n\n\n<p><\/p>\n","protected":false},"excerpt":{"rendered":"<p>Priroda kao put Priroda u mom radu nije bijeg od \u017eivota,nego povratak onome \u0161to jest. U ti\u0161ini, hodu i jednostavnom [&hellip;]<\/p>\n","protected":false},"author":1,"featured_media":0,"parent":0,"menu_order":0,"comment_status":"closed","ping_status":"closed","template":"","meta":{"pagelayer_contact_templates":[],"_pagelayer_content":"","site-sidebar-layout":"default","site-content-layout":"","ast-site-content-layout":"default","site-content-style":"default","site-sidebar-style":"default","ast-global-header-display":"","ast-banner-title-visibility":"","ast-main-header-display":"","ast-hfb-above-header-display":"","ast-hfb-below-header-display":"","ast-hfb-mobile-header-display":"","site-post-title":"disabled","ast-breadcrumbs-content":"","ast-featured-img":"","footer-sml-layout":"","ast-disable-related-posts":"","theme-transparent-header-meta":"","adv-header-id-meta":"","stick-header-meta":"","header-above-stick-meta":"","header-main-stick-meta":"","header-below-stick-meta":"","astra-migrate-meta-layouts":"default","ast-page-background-enabled":"default","ast-page-background-meta":{"desktop":{"background-color":"var(--ast-global-color-5)","background-image":"","background-repeat":"repeat","background-position":"center center","background-size":"auto","background-attachment":"scroll","background-type":"","background-media":"","overlay-type":"","overlay-color":"","overlay-opacity":"","overlay-gradient":""},"tablet":{"background-color":"","background-image":"","background-repeat":"repeat","background-position":"center center","background-size":"auto","background-attachment":"scroll","background-type":"","background-media":"","overlay-type":"","overlay-color":"","overlay-opacity":"","overlay-gradient":""},"mobile":{"background-color":"","background-image":"","background-repeat":"repeat","background-position":"center center","background-size":"auto","background-attachment":"scroll","background-type":"","background-media":"","overlay-type":"","overlay-color":"","overlay-opacity":"","overlay-gradient":""}},"ast-content-background-meta":{"desktop":{"background-color":"var(--ast-global-color-4)","background-image":"","background-repeat":"repeat","background-position":"center center","background-size":"auto","background-attachment":"scroll","background-type":"","background-media":"","overlay-type":"","overlay-color":"","overlay-opacity":"","overlay-gradient":""},"tablet":{"background-color":"var(--ast-global-color-4)","background-image":"","background-repeat":"repeat","background-position":"center center","background-size":"auto","background-attachment":"scroll","background-type":"","background-media":"","overlay-type":"","overlay-color":"","overlay-opacity":"","overlay-gradient":""},"mobile":{"background-color":"var(--ast-global-color-4)","background-image":"","background-repeat":"repeat","background-position":"center center","background-size":"auto","background-attachment":"scroll","background-type":"","background-media":"","overlay-type":"","overlay-color":"","overlay-opacity":"","overlay-gradient":""}},"footnotes":""},"class_list":["post-35","page","type-page","status-publish","hentry"],"_links":{"self":[{"href":"https:\/\/arthasoul.com\/index.php?rest_route=\/wp\/v2\/pages\/35","targetHints":{"allow":["GET"]}}],"collection":[{"href":"https:\/\/arthasoul.com\/index.php?rest_route=\/wp\/v2\/pages"}],"about":[{"href":"https:\/\/arthasoul.com\/index.php?rest_route=\/wp\/v2\/types\/page"}],"author":[{"embeddable":true,"href":"https:\/\/arthasoul.com\/index.php?rest_route=\/wp\/v2\/users\/1"}],"replies":[{"embeddable":true,"href":"https:\/\/arthasoul.com\/index.php?rest_route=%2Fwp%2Fv2%2Fcomments&post=35"}],"version-history":[{"count":4,"href":"https:\/\/arthasoul.com\/index.php?rest_route=\/wp\/v2\/pages\/35\/revisions"}],"predecessor-version":[{"id":77,"href":"https:\/\/arthasoul.com\/index.php?rest_route=\/wp\/v2\/pages\/35\/revisions\/77"}],"wp:attachment":[{"href":"https:\/\/arthasoul.com\/index.php?rest_route=%2Fwp%2Fv2%2Fmedia&parent=35"}],"curies":[{"name":"wp","href":"https:\/\/api.w.org\/{rel}","templated":true}]}}